{"id":8174,"date":"2023-05-24T08:32:23","date_gmt":"2023-05-24T08:32:23","guid":{"rendered":"https:\/\/elemech.net\/shop\/?post_type=product&#038;p=8174"},"modified":"2023-05-30T09:23:32","modified_gmt":"2023-05-30T09:23:32","slug":"derby-326","status":"publish","type":"product","link":"https:\/\/elemech.net\/shop\/product\/derby-326\/","title":{"rendered":"DERBY 326"},"content":{"rendered":"<div class=\"field field--name-field-product-headline field--type-string field--label-hidden field__item headline\">HIGH QUALITY WELDING<\/div>\n<div class=\"field field--name-field-product-description field--type-text-long field--label-hidden field__item\">The DERBY 326 offers a high quality welding thanks to the digital arc control (inverter technology). La stabilit\u00e9 de l\u2019arc permet une bonne maitrise des projections pendant le soudage. Il est \u00e9quip\u00e9 d\u2019une platine de d\u00e9vidage m\u00e9tallique \u00e0 4 galets. Le facteur de marche cons\u00e9quent (320A \u00e0 40%) et la facilit\u00e9 d\u2019utilisation font du DERBY 326 l\u2019outil id\u00e9al pour les applications de moyenne puissance.The DERBY 326 was created to make the welder&#8217;s job as easy as possible, by simplifying the setting of welding parameters. Each function and parameter can be easily managed and configured through the simple control panel. A single button selects the welding process and the synergic curve in MIG-MAG welding. The DERBY 326 is a multi-process station with great versatility, it is designed to be used in manual MIG\/MAG, synergic MIG\/MAG, coated electrode (MMA), and TIG (with lift arc ignition). Synergistic programs for steel, stainless steel, aluminum, and cored wire in the most common diameters are available and accessible from the front panel.<\/div>\n<div>\n<div class=\"field__label\">\n<h3 class=\"title\">Description<\/h3>\n<\/div>\n<div class=\"field__item\">\n<ul>\n<li>Multiproc\u00e9d\u00e9s MIG\/MAG synergique, MMA et TIG<\/li>\n<li>Simple d\u2018utilisation, robuste et pratique<\/li>\n<li>Puissant : 320 A<\/li>\n<li>Livr\u00e9 complet, pr\u00eat \u00e0 l\u2019utilisation<\/li>\n<li>Conforme \u00e0 la r\u00e9glementation europ\u00e9enne sur l\u2019\u00e9coconception<\/li>\n<\/ul>\n<div class=\"field__label\">\n<h3 class=\"title\">Technical Data<\/h3>\n<\/div>\n<div class=\"field__item\">\n<div class=\"technical-parameters\">\n<div class=\"row\">\n<div class=\"label\">Supply voltage<\/div>\n<div class=\"value\">400 V three-phase<\/div>\n<\/div>\n<div class=\"row\">\n<div class=\"label\">Frequency<\/div>\n<div class=\"value\">50\/60 Hz<\/div>\n<\/div>\n<div class=\"row\">\n<div class=\"label\">Power consumption at 60%<\/div>\n<div class=\"value\">15 KVA<\/div>\n<\/div>\n<div class=\"row\">\n<div class=\"label\">MIG-MAG control range<\/div>\n<div class=\"value\">30 to 400 A<\/div>\n<\/div>\n<div class=\"row\">\n<div class=\"label\">MIG-MAG duty cycle at 40\u00b0C<\/div>\n<div class=\"value\">40 % (320A), 60 % (270A), 100% (200A)<\/div>\n<\/div>\n<div class=\"row\">\n<div class=\"label\">Insulation class<\/div>\n<div class=\"value\">H<\/div>\n<\/div>\n<div class=\"row\">\n<div class=\"label\">Protection index<\/div>\n<div class=\"value\">IP 23 S<\/div>\n<\/div>\n<div class=\"row\">\n<div class=\"label\">Number of feed rollers<\/div>\n<div class=\"value\">4<\/div>\n<\/div>\n<div class=\"row\">\n<div class=\"label\">Polarity reversal on the front panel<\/div>\n<div class=\"value\">yes<\/div>\n<\/div>\n<div class=\"row\">\n<div class=\"label\">Spot welding capability<\/div>\n<div class=\"value\">yes<\/div>\n<\/div>\n<div class=\"row\">\n<div class=\"label\">Weight<\/div>\n<div class=\"value\">31. 5 kg<\/div>\n<\/div>\n<div class=\"row\">\n<div class=\"label\">Warranty<\/div>\n<div class=\"value\">2 years<\/div>\n<\/div>\n<div class=\"row\">\n<div class=\"label\">Delivered with<\/div>\n<div class=\"value\">1 ground cable 3m, 1 power cable + 5 pins plug, 2 steel rollers \u00d8 0.6 &#8211; 0.8, 2 steel rollers \u00d8 1.0 &#8211; 1.2, 2 smooth pressure rollers, 4 wheels, 2 of which are swivel.<\/div>\n<\/div>\n<\/div>\n<\/div>\n<\/div>\n<\/div>\n","protected":false},"excerpt":{"rendered":"<div class=\"field field--name-field-product-headline field--type-string field--label-hidden field__item headline\">HIGH QUALITY WELDING<\/div>\n<div class=\"field field--name-field-product-description field--type-text-long field--label-hidden field__item\">The DERBY 326 offers a high quality welding thanks to the digital arc control (inverter technology). La stabilit\u00e9 de l\u2019arc permet une bonne maitrise des projections pendant le soudage. Il est \u00e9quip\u00e9 d\u2019une platine de d\u00e9vidage m\u00e9tallique \u00e0 4 galets. Le facteur de marche cons\u00e9quent (320A \u00e0 40%) et la facilit\u00e9 d\u2019utilisation font du DERBY 326 l\u2019outil id\u00e9al pour les applications de moyenne puissance.The DERBY 326 was created to make the welder&#8217;s job as easy as possible, by simplifying the setting of welding parameters. Each function and parameter can be easily managed and configured through the simple control panel. A single button selects the welding process and the synergic curve in MIG-MAG welding. The DERBY 326 is a multi-process station with great versatility, it is designed to be used in manual MIG\/MAG, synergic MIG\/MAG, coated electrode (MMA), and TIG (with lift arc ignition). Synergistic programs for steel, stainless steel, aluminum, and cored wire in the most common diameters are available and accessible from the front panel.<\/div>\n<div>\n<div class=\"field__label\">\n<h3 class=\"title\">Description<\/h3>\n<\/div>\n<div class=\"field__item\">\n<ul>\n<li>Multiproc\u00e9d\u00e9s MIG\/MAG synergique, MMA et TIG<\/li>\n<li>Simple d\u2018utilisation, robuste et pratique<\/li>\n<li>Puissant : 320 A<\/li>\n<li>Livr\u00e9 complet, pr\u00eat \u00e0 l\u2019utilisation<\/li>\n<li>Conforme \u00e0 la r\u00e9glementation europ\u00e9enne sur l\u2019\u00e9coconception<\/li>\n<\/ul>\n<div class=\"field__label\">\n<h3 class=\"title\">Technical Data<\/h3>\n<\/div>\n<div class=\"field__item\">\n<div class=\"technical-parameters\">\n<div class=\"row\">\n<div class=\"label\">Supply voltage<\/div>\n<div class=\"value\">400 V three-phase<\/div>\n<\/div>\n<div class=\"row\">\n<div class=\"label\">Frequency<\/div>\n<div class=\"value\">50\/60 Hz<\/div>\n<\/div>\n<div class=\"row\">\n<div class=\"label\">Power consumption at 60%<\/div>\n<div class=\"value\">15 KVA<\/div>\n<\/div>\n<div class=\"row\">\n<div class=\"label\">MIG-MAG control range<\/div>\n<div class=\"value\">30 to 400 A<\/div>\n<\/div>\n<div class=\"row\">\n<div class=\"label\">MIG-MAG duty cycle at 40\u00b0C<\/div>\n<div class=\"value\">40 % (320A), 60 % (270A), 100% (200A)<\/div>\n<\/div>\n<div class=\"row\">\n<div class=\"label\">Insulation class<\/div>\n<div class=\"value\">H<\/div>\n<\/div>\n<div class=\"row\">\n<div class=\"label\">Protection index<\/div>\n<div class=\"value\">IP 23 S<\/div>\n<\/div>\n<div class=\"row\">\n<div class=\"label\">Number of feed rollers<\/div>\n<div class=\"value\">4<\/div>\n<\/div>\n<div class=\"row\">\n<div class=\"label\">Polarity reversal on the front panel<\/div>\n<div class=\"value\">yes<\/div>\n<\/div>\n<div class=\"row\">\n<div class=\"label\">Spot welding capability<\/div>\n<div class=\"value\">yes<\/div>\n<\/div>\n<div class=\"row\">\n<div class=\"label\">Weight<\/div>\n<div class=\"value\">31. 5 kg<\/div>\n<\/div>\n<div class=\"row\">\n<div class=\"label\">Warranty<\/div>\n<div class=\"value\">2 years<\/div>\n<\/div>\n<div class=\"row\">\n<div class=\"label\">Delivered with<\/div>\n<div class=\"value\">1 ground cable 3m, 1 power cable + 5 pins plug, 2 steel rollers \u00d8 0.6 &#8211; 0.8, 2 steel rollers \u00d8 1.0 &#8211; 1.2, 2 smooth pressure rollers, 4 wheels, 2 of which are swivel.<\/div>\n<\/div>\n<\/div>\n<\/div>\n<\/div>\n<\/div>\n","protected":false},"featured_media":8175,"comment_status":"open","ping_status":"closed","template":"","meta":{"om_disable_all_campaigns":false},"product_cat":[178],"product_tag":[],"class_list":{"0":"post-8174","1":"product","2":"type-product","3":"status-publish","4":"has-post-thumbnail","6":"product_cat-welding-machines","8":"first","9":"instock","10":"shipping-taxable","11":"product-type-simple"},"aioseo_notices":[],"_links":{"self":[{"href":"https:\/\/elemech.net\/shop\/wp-json\/wp\/v2\/product\/8174","targetHints":{"allow":["GET"]}}],"collection":[{"href":"https:\/\/elemech.net\/shop\/wp-json\/wp\/v2\/product"}],"about":[{"href":"https:\/\/elemech.net\/shop\/wp-json\/wp\/v2\/types\/product"}],"replies":[{"embeddable":true,"href":"https:\/\/elemech.net\/shop\/wp-json\/wp\/v2\/comments?post=8174"}],"wp:featuredmedia":[{"embeddable":true,"href":"https:\/\/elemech.net\/shop\/wp-json\/wp\/v2\/media\/8175"}],"wp:attachment":[{"href":"https:\/\/elemech.net\/shop\/wp-json\/wp\/v2\/media?parent=8174"}],"wp:term":[{"taxonomy":"product_cat","embeddable":true,"href":"https:\/\/elemech.net\/shop\/wp-json\/wp\/v2\/product_cat?post=8174"},{"taxonomy":"product_tag","embeddable":true,"href":"https:\/\/elemech.net\/shop\/wp-json\/wp\/v2\/product_tag?post=8174"}],"curies":[{"name":"wp","href":"https:\/\/api.w.org\/{rel}","templated":true}]}}